{"id":8,"date":"2023-05-02T05:38:30","date_gmt":"2023-05-02T05:38:30","guid":{"rendered":"https:\/\/garibaldisoloandata.it\/?page_id=8"},"modified":"2026-04-14T14:47:12","modified_gmt":"2026-04-14T14:47:12","slug":"home","status":"publish","type":"page","link":"https:\/\/garibaldisoloandata.it\/","title":{"rendered":"HOME"},"content":{"rendered":"<div class=\"x11i5rnm xat24cr x1mh8g0r x1vvkbs xtlvy1s x126k92a\">\n<div dir=\"auto\" style=\"text-align: justify;\">\n<h3><strong>LA MANIFESTAZIONE<\/strong><\/h3>\n<p><strong>\u00abMontmartre-Garibaldi solo andata\u00bb<\/strong> \u00e8 una manifestazione nata nel 2022 dalla stretta collaborazione di <strong>Comitato Pontino San Marco,<\/strong> di <strong>Extra Factory<\/strong> e dell&#8217; Associazione <strong>La 12a sedia<\/strong>&nbsp;con il patrocinio e la partecipazione del <strong>Comune di Livorno<\/strong> nell\u2019ambito delle loro attivit\u00e0 di riqualificazione del quartiere Garibaldi di Livorno e della loro attivit\u00e0 di Arte e Cultura locale. Una manifestazione artistica nella piazza pi\u00f9 pittoresca e multietnica della citt\u00e0 che prevede estemporanea con premi, esposizione e manifestazioni culturali collaterali, con lo scopo di raggiungere pi\u00f9 obiettivi:<\/p>\n<ul>\n<li>invitare i cittadini e gli artisti a riappropriarsi di una parte storica della citt\u00e0 attraverso la capacit\u00e0 di socializzazione dell\u2019arte e della cultura;<\/li>\n<li>coinvolgere artisti e associazioni artistiche e culturali a livello locale, regionale, nazionale e internazionale per far capire oltre confine quante emozioni estetiche e visive evochino i quartieri storici della citt\u00e0 di Livorno;<\/li>\n<li>dare spazio ai giovani e ai giovanissimi alimentando il fermento artistico e geniale che da sempre contraddistingue il DNA della citt\u00e0 di Livorno. Un patrimonio unico da accrescere coinvolgendo le altre culture presenti nel quartiere e seguendo le tradizioni storiche di Livorno per il suo posto nel futuro e nel mondo;<\/li>\n<li>scovare nuovi talenti che per diversi motivi non avrebbero visibilit\u00e0 nel cristallizzato mondo dell&#8217;Arte.<\/li>\n<\/ul>\n<p>E\u2019 un auspicio romantico il comune denominatore di questi obiettivi che la mano geniale di Tommaso Eppesteingher, lo scorso anno, ha tradotto in una locandina di una sintesi straordinaria: vedere artisti e non, passare da qui per una settimana e poi fermarsi definitivamente (o quasi) per dar vita ad un\u2019osmosi culturale di rinnovamento e di attrattivit\u00e0 del quartiere. Sogniamo \u00abMontmartre-Garibaldi solo andata\u00bb come una manifestazione generatrice di un luogo permanentemente vivo, senza delinquenza e punto di riferimento tra gli altri, del turismo in citt\u00e0 per la sua variet\u00e0 e per la sua vocazione artistica come avviene per El Rastro a Madrid, Kreuzberg a Berlino e appunto Montmartre a Parigi.<\/p>\n<h3><strong>V EDIZIONE: 16-17 MAGGIO 2026<\/strong><\/h3>\n<p>Dopo il successo delle precedenti edizioni, Il Comitato Pontino San Marco annuncia con piacere il ritorno di \u00abMontmartre-Garibaldi solo andata\u00bb la manifestazione d\u2019Arte nel quartiere pi\u00f9 pittoresco e multietnico della citt\u00e0 con il patrocinio e la compartecipazione del Comune di Livorno e la collaborazione di Extra Factory, Associazione La 12a sedia e CCN Borgo Reale. Una quinta edizione quest\u2019anno, concentrata nel week-end 16-17 maggio 2026.<\/p>\n<\/div>\n<div dir=\"auto\" style=\"text-align: justify;\">\n<p>&nbsp;<\/p>\n<p>&nbsp;<\/p>\n<p style=\"text-align: center;\"><strong><em>La storica locandina di Tommaso Eppesteingher.<\/em><\/strong><\/p>\n<p><img loading=\"lazy\" decoding=\"async\" class=\"aligncenter wp-image-211\" src=\"https:\/\/garibaldisoloandata.it\/wp-content\/uploads\/2023\/05\/EPPE-corretto-2023-749x1024.png\" alt=\"\" width=\"960\" height=\"1313\"><\/p>\n<p>&nbsp;<\/p>\n<\/div>\n<\/div>\n<p>&nbsp;<\/p>\n<p>&nbsp;<\/p>\n<div dir=\"auto\">&nbsp;<\/div>\n<div dir=\"auto\">&nbsp;<\/div>\n","protected":false},"excerpt":{"rendered":"<p>LA MANIFESTAZIONE \u00abMontmartre-Garibaldi solo andata\u00bb \u00e8 una manifestazione nata nel 2022 dalla stretta collaborazione di Comitato Pontino San Marco, di Extra Factory e dell&#8217; Associazione La 12a sedia&nbsp;con il patrocinio e la partecipazione del Comune di Livorno nell\u2019ambito delle loro attivit\u00e0 di riqualificazione del quartiere Garibaldi di Livorno e della loro attivit\u00e0 di Arte e [&hellip;]<\/p>\n","protected":false},"author":1,"featured_media":0,"parent":0,"menu_order":0,"comment_status":"closed","ping_status":"closed","template":"","meta":{"_et_pb_use_builder":"off","_et_pb_old_content":"","_et_gb_content_width":"","ngg_post_thumbnail":0,"footnotes":""},"class_list":["post-8","page","type-page","status-publish","hentry"],"yoast_head":"<!-- This site is optimized with the Yoast SEO plugin v27.3 - https:\/\/yoast.com\/product\/yoast-seo-wordpress\/ -->\n<title>HOME - Montmartre-Garibaldi solo andata.<\/title>\n<meta name=\"robots\" content=\"index, follow, max-snippet:-1, max-image-preview:large, max-video-preview:-1\" \/>\n<link rel=\"canonical\" href=\"https:\/\/garibaldisoloandata.it\/\" \/>\n<meta property=\"og:locale\" content=\"it_IT\" \/>\n<meta property=\"og:type\" content=\"article\" \/>\n<meta property=\"og:title\" content=\"HOME - Montmartre-Garibaldi solo andata.\" \/>\n<meta property=\"og:description\" content=\"LA MANIFESTAZIONE \u00abMontmartre-Garibaldi solo andata\u00bb \u00e8 una manifestazione nata nel 2022 dalla stretta collaborazione di Comitato Pontino San Marco, di Extra Factory e dell&#8217; Associazione La 12a sedia&nbsp;con il patrocinio e la partecipazione del Comune di Livorno nell\u2019ambito delle loro attivit\u00e0 di riqualificazione del quartiere Garibaldi di Livorno e della loro attivit\u00e0 di Arte e [&hellip;]\" \/>\n<meta property=\"og:url\" content=\"https:\/\/garibaldisoloandata.it\/\" \/>\n<meta property=\"og:site_name\" content=\"Montmartre-Garibaldi solo andata.\" \/>\n<meta property=\"article:modified_time\" content=\"2026-04-14T14:47:12+00:00\" \/>\n<meta property=\"og:image\" content=\"https:\/\/garibaldisoloandata.it\/wp-content\/uploads\/2023\/05\/EPPE-corretto-2023-749x1024.png\" \/>\n\t<meta property=\"og:image:width\" content=\"749\" \/>\n\t<meta property=\"og:image:height\" content=\"1024\" \/>\n\t<meta property=\"og:image:type\" content=\"image\/png\" \/>\n<meta name=\"twitter:card\" content=\"summary_large_image\" \/>\n<meta name=\"twitter:label1\" content=\"Tempo di lettura stimato\" \/>\n\t<meta name=\"twitter:data1\" content=\"3 minuti\" \/>\n<script type=\"application\/ld+json\" class=\"yoast-schema-graph\">{\"@context\":\"https:\\\/\\\/schema.org\",\"@graph\":[{\"@type\":\"WebPage\",\"@id\":\"https:\\\/\\\/garibaldisoloandata.it\\\/\",\"url\":\"https:\\\/\\\/garibaldisoloandata.it\\\/\",\"name\":\"HOME - Montmartre-Garibaldi solo andata.\",\"isPartOf\":{\"@id\":\"https:\\\/\\\/garibaldisoloandata.it\\\/#website\"},\"primaryImageOfPage\":{\"@id\":\"https:\\\/\\\/garibaldisoloandata.it\\\/#primaryimage\"},\"image\":{\"@id\":\"https:\\\/\\\/garibaldisoloandata.it\\\/#primaryimage\"},\"thumbnailUrl\":\"https:\\\/\\\/garibaldisoloandata.it\\\/wp-content\\\/uploads\\\/2023\\\/05\\\/EPPE-corretto-2023-749x1024.png\",\"datePublished\":\"2023-05-02T05:38:30+00:00\",\"dateModified\":\"2026-04-14T14:47:12+00:00\",\"breadcrumb\":{\"@id\":\"https:\\\/\\\/garibaldisoloandata.it\\\/#breadcrumb\"},\"inLanguage\":\"it-IT\",\"potentialAction\":[{\"@type\":\"ReadAction\",\"target\":[\"https:\\\/\\\/garibaldisoloandata.it\\\/\"]}]},{\"@type\":\"ImageObject\",\"inLanguage\":\"it-IT\",\"@id\":\"https:\\\/\\\/garibaldisoloandata.it\\\/#primaryimage\",\"url\":\"https:\\\/\\\/garibaldisoloandata.it\\\/wp-content\\\/uploads\\\/2023\\\/05\\\/EPPE-corretto-2023.png\",\"contentUrl\":\"https:\\\/\\\/garibaldisoloandata.it\\\/wp-content\\\/uploads\\\/2023\\\/05\\\/EPPE-corretto-2023.png\",\"width\":1697,\"height\":2321},{\"@type\":\"BreadcrumbList\",\"@id\":\"https:\\\/\\\/garibaldisoloandata.it\\\/#breadcrumb\",\"itemListElement\":[{\"@type\":\"ListItem\",\"position\":1,\"name\":\"Home\",\"item\":\"https:\\\/\\\/garibaldisoloandata.it\\\/\"},{\"@type\":\"ListItem\",\"position\":2,\"name\":\"HOME\"}]},{\"@type\":\"WebSite\",\"@id\":\"https:\\\/\\\/garibaldisoloandata.it\\\/#website\",\"url\":\"https:\\\/\\\/garibaldisoloandata.it\\\/\",\"name\":\"Montmartre-Garibaldi solo andata.\",\"description\":\"Premio d&#039;Arte Livorno.\",\"potentialAction\":[{\"@type\":\"SearchAction\",\"target\":{\"@type\":\"EntryPoint\",\"urlTemplate\":\"https:\\\/\\\/garibaldisoloandata.it\\\/?s={search_term_string}\"},\"query-input\":{\"@type\":\"PropertyValueSpecification\",\"valueRequired\":true,\"valueName\":\"search_term_string\"}}],\"inLanguage\":\"it-IT\"}]}<\/script>\n<!-- \/ Yoast SEO plugin. -->","yoast_head_json":{"title":"HOME - Montmartre-Garibaldi solo andata.","robots":{"index":"index","follow":"follow","max-snippet":"max-snippet:-1","max-image-preview":"max-image-preview:large","max-video-preview":"max-video-preview:-1"},"canonical":"https:\/\/garibaldisoloandata.it\/","og_locale":"it_IT","og_type":"article","og_title":"HOME - Montmartre-Garibaldi solo andata.","og_description":"LA MANIFESTAZIONE \u00abMontmartre-Garibaldi solo andata\u00bb \u00e8 una manifestazione nata nel 2022 dalla stretta collaborazione di Comitato Pontino San Marco, di Extra Factory e dell&#8217; Associazione La 12a sedia&nbsp;con il patrocinio e la partecipazione del Comune di Livorno nell\u2019ambito delle loro attivit\u00e0 di riqualificazione del quartiere Garibaldi di Livorno e della loro attivit\u00e0 di Arte e [&hellip;]","og_url":"https:\/\/garibaldisoloandata.it\/","og_site_name":"Montmartre-Garibaldi solo andata.","article_modified_time":"2026-04-14T14:47:12+00:00","og_image":[{"width":749,"height":1024,"url":"https:\/\/garibaldisoloandata.it\/wp-content\/uploads\/2023\/05\/EPPE-corretto-2023-749x1024.png","type":"image\/png"}],"twitter_card":"summary_large_image","twitter_misc":{"Tempo di lettura stimato":"3 minuti"},"schema":{"@context":"https:\/\/schema.org","@graph":[{"@type":"WebPage","@id":"https:\/\/garibaldisoloandata.it\/","url":"https:\/\/garibaldisoloandata.it\/","name":"HOME - Montmartre-Garibaldi solo andata.","isPartOf":{"@id":"https:\/\/garibaldisoloandata.it\/#website"},"primaryImageOfPage":{"@id":"https:\/\/garibaldisoloandata.it\/#primaryimage"},"image":{"@id":"https:\/\/garibaldisoloandata.it\/#primaryimage"},"thumbnailUrl":"https:\/\/garibaldisoloandata.it\/wp-content\/uploads\/2023\/05\/EPPE-corretto-2023-749x1024.png","datePublished":"2023-05-02T05:38:30+00:00","dateModified":"2026-04-14T14:47:12+00:00","breadcrumb":{"@id":"https:\/\/garibaldisoloandata.it\/#breadcrumb"},"inLanguage":"it-IT","potentialAction":[{"@type":"ReadAction","target":["https:\/\/garibaldisoloandata.it\/"]}]},{"@type":"ImageObject","inLanguage":"it-IT","@id":"https:\/\/garibaldisoloandata.it\/#primaryimage","url":"https:\/\/garibaldisoloandata.it\/wp-content\/uploads\/2023\/05\/EPPE-corretto-2023.png","contentUrl":"https:\/\/garibaldisoloandata.it\/wp-content\/uploads\/2023\/05\/EPPE-corretto-2023.png","width":1697,"height":2321},{"@type":"BreadcrumbList","@id":"https:\/\/garibaldisoloandata.it\/#breadcrumb","itemListElement":[{"@type":"ListItem","position":1,"name":"Home","item":"https:\/\/garibaldisoloandata.it\/"},{"@type":"ListItem","position":2,"name":"HOME"}]},{"@type":"WebSite","@id":"https:\/\/garibaldisoloandata.it\/#website","url":"https:\/\/garibaldisoloandata.it\/","name":"Montmartre-Garibaldi solo andata.","description":"Premio d&#039;Arte Livorno.","potentialAction":[{"@type":"SearchAction","target":{"@type":"EntryPoint","urlTemplate":"https:\/\/garibaldisoloandata.it\/?s={search_term_string}"},"query-input":{"@type":"PropertyValueSpecification","valueRequired":true,"valueName":"search_term_string"}}],"inLanguage":"it-IT"}]}},"_links":{"self":[{"href":"https:\/\/garibaldisoloandata.it\/index.php\/wp-json\/wp\/v2\/pages\/8","targetHints":{"allow":["GET"]}}],"collection":[{"href":"https:\/\/garibaldisoloandata.it\/index.php\/wp-json\/wp\/v2\/pages"}],"about":[{"href":"https:\/\/garibaldisoloandata.it\/index.php\/wp-json\/wp\/v2\/types\/page"}],"author":[{"embeddable":true,"href":"https:\/\/garibaldisoloandata.it\/index.php\/wp-json\/wp\/v2\/users\/1"}],"replies":[{"embeddable":true,"href":"https:\/\/garibaldisoloandata.it\/index.php\/wp-json\/wp\/v2\/comments?post=8"}],"version-history":[{"count":52,"href":"https:\/\/garibaldisoloandata.it\/index.php\/wp-json\/wp\/v2\/pages\/8\/revisions"}],"predecessor-version":[{"id":806,"href":"https:\/\/garibaldisoloandata.it\/index.php\/wp-json\/wp\/v2\/pages\/8\/revisions\/806"}],"wp:attachment":[{"href":"https:\/\/garibaldisoloandata.it\/index.php\/wp-json\/wp\/v2\/media?parent=8"}],"curies":[{"name":"wp","href":"https:\/\/api.w.org\/{rel}","templated":true}]}}