{"id":491,"date":"2023-05-11T13:13:09","date_gmt":"2023-05-11T13:13:09","guid":{"rendered":"https:\/\/garibaldisoloandata.it\/?page_id=491"},"modified":"2026-04-14T14:48:24","modified_gmt":"2026-04-14T14:48:24","slug":"news","status":"publish","type":"page","link":"https:\/\/garibaldisoloandata.it\/index.php\/news\/","title":{"rendered":"NEWS"},"content":{"rendered":"<p style=\"text-align: justify;\">Su questa pagina ci saranno tutte le informazioni e tutte le novit\u00e0 riguardanti la manifestazione \u00abMontmartre-Garibaldi solo andata.\u00bb nel percorso di avvicinamento a sabato 17 maggio 2026. Come gi\u00e0 accennato il programma definitivo \u00e8 ancora in divenire.<\/p>\n<p>Non perdere tutte le novit\u00e0 sull&#8217;arte, iscriviti gratuitamente alla Newsletter!<\/p>\n<script>(function() {\n\twindow.mc4wp = window.mc4wp || {\n\t\tlisteners: [],\n\t\tforms: {\n\t\t\ton: function(evt, cb) {\n\t\t\t\twindow.mc4wp.listeners.push(\n\t\t\t\t\t{\n\t\t\t\t\t\tevent   : evt,\n\t\t\t\t\t\tcallback: cb\n\t\t\t\t\t}\n\t\t\t\t);\n\t\t\t}\n\t\t}\n\t}\n})();\n<\/script><!-- Mailchimp for WordPress v4.12.1 - https:\/\/wordpress.org\/plugins\/mailchimp-for-wp\/ --><form id=\"mc4wp-form-1\" class=\"mc4wp-form mc4wp-form-549\" method=\"post\" data-id=\"549\" data-name=\"Iscriviti gratuitamente alla newsletter\" ><div class=\"mc4wp-form-fields\"><p>\r\n    <label>Nome<\/label>\r\n    <input type=\"text\" name=\"FNAME\" required=\"\">\r\n<\/p>\r\n<p>\r\n    <label>Cognome<\/label>\r\n    <input type=\"text\" name=\"LNAME\">\r\n<\/p>\r\n<p>\r\n\t<label>Indirizzo email: \r\n\t\t<input type=\"email\" name=\"EMAIL\" placeholder=\"Il tuo indirizzo email\" required \/>\r\n<\/label>\r\n<\/p>\r\n\r\n<p>\r\n\t<input type=\"submit\" value=\"Iscriviti\" \/>\r\n<\/p><\/div><label style=\"display: none !important;\">Lascia questo campo vuoto se sei umano: <input type=\"text\" name=\"_mc4wp_honeypot\" value=\"\" tabindex=\"-1\" autocomplete=\"off\" \/><\/label><input type=\"hidden\" name=\"_mc4wp_timestamp\" value=\"1777039502\" \/><input type=\"hidden\" name=\"_mc4wp_form_id\" value=\"549\" \/><input type=\"hidden\" name=\"_mc4wp_form_element_id\" value=\"mc4wp-form-1\" \/><div class=\"mc4wp-response\"><\/div><\/form><!-- \/ Mailchimp for WordPress Plugin -->\n<p>&nbsp;<\/p>\n<p>&nbsp;<\/p>\n<p>&nbsp;<\/p>\n<p>&nbsp;<\/p>\n<p>&nbsp;<\/p>\n","protected":false},"excerpt":{"rendered":"<p>Su questa pagina ci saranno tutte le informazioni e tutte le novit\u00e0 riguardanti la manifestazione \u00abMontmartre-Garibaldi solo andata.\u00bb nel percorso di avvicinamento a sabato 17 maggio 2026. Come gi\u00e0 accennato il programma definitivo \u00e8 ancora in divenire. Non perdere tutte le novit\u00e0 sull&#8217;arte, iscriviti gratuitamente alla Newsletter! &nbsp; &nbsp; &nbsp; &nbsp; &nbsp;<\/p>\n","protected":false},"author":1,"featured_media":0,"parent":0,"menu_order":0,"comment_status":"closed","ping_status":"closed","template":"","meta":{"_et_pb_use_builder":"","_et_pb_old_content":"","_et_gb_content_width":"","ngg_post_thumbnail":0,"footnotes":""},"class_list":["post-491","page","type-page","status-publish","hentry"],"yoast_head":"<!-- This site is optimized with the Yoast SEO plugin v27.4 - https:\/\/yoast.com\/product\/yoast-seo-wordpress\/ -->\n<title>NEWS - Montmartre-Garibaldi solo andata.<\/title>\n<meta name=\"robots\" content=\"index, follow, max-snippet:-1, max-image-preview:large, max-video-preview:-1\" \/>\n<link rel=\"canonical\" href=\"https:\/\/garibaldisoloandata.it\/index.php\/news\/\" \/>\n<meta property=\"og:locale\" content=\"it_IT\" \/>\n<meta property=\"og:type\" content=\"article\" \/>\n<meta property=\"og:title\" content=\"NEWS - Montmartre-Garibaldi solo andata.\" \/>\n<meta property=\"og:description\" content=\"Su questa pagina ci saranno tutte le informazioni e tutte le novit\u00e0 riguardanti la manifestazione \u00abMontmartre-Garibaldi solo andata.\u00bb nel percorso di avvicinamento a sabato 17 maggio 2026. Come gi\u00e0 accennato il programma definitivo \u00e8 ancora in divenire. Non perdere tutte le novit\u00e0 sull&#8217;arte, iscriviti gratuitamente alla Newsletter! &nbsp; &nbsp; &nbsp; &nbsp; &nbsp;\" \/>\n<meta property=\"og:url\" content=\"https:\/\/garibaldisoloandata.it\/index.php\/news\/\" \/>\n<meta property=\"og:site_name\" content=\"Montmartre-Garibaldi solo andata.\" \/>\n<meta property=\"article:modified_time\" content=\"2026-04-14T14:48:24+00:00\" \/>\n<meta name=\"twitter:card\" content=\"summary_large_image\" \/>\n<meta name=\"twitter:label1\" content=\"Tempo di lettura stimato\" \/>\n\t<meta name=\"twitter:data1\" content=\"1 minuto\" \/>\n<script type=\"application\/ld+json\" class=\"yoast-schema-graph\">{\"@context\":\"https:\\\/\\\/schema.org\",\"@graph\":[{\"@type\":\"WebPage\",\"@id\":\"https:\\\/\\\/garibaldisoloandata.it\\\/index.php\\\/news\\\/\",\"url\":\"https:\\\/\\\/garibaldisoloandata.it\\\/index.php\\\/news\\\/\",\"name\":\"NEWS - Montmartre-Garibaldi solo andata.\",\"isPartOf\":{\"@id\":\"https:\\\/\\\/garibaldisoloandata.it\\\/#website\"},\"datePublished\":\"2023-05-11T13:13:09+00:00\",\"dateModified\":\"2026-04-14T14:48:24+00:00\",\"breadcrumb\":{\"@id\":\"https:\\\/\\\/garibaldisoloandata.it\\\/index.php\\\/news\\\/#breadcrumb\"},\"inLanguage\":\"it-IT\",\"potentialAction\":[{\"@type\":\"ReadAction\",\"target\":[\"https:\\\/\\\/garibaldisoloandata.it\\\/index.php\\\/news\\\/\"]}]},{\"@type\":\"BreadcrumbList\",\"@id\":\"https:\\\/\\\/garibaldisoloandata.it\\\/index.php\\\/news\\\/#breadcrumb\",\"itemListElement\":[{\"@type\":\"ListItem\",\"position\":1,\"name\":\"Home\",\"item\":\"https:\\\/\\\/garibaldisoloandata.it\\\/\"},{\"@type\":\"ListItem\",\"position\":2,\"name\":\"NEWS\"}]},{\"@type\":\"WebSite\",\"@id\":\"https:\\\/\\\/garibaldisoloandata.it\\\/#website\",\"url\":\"https:\\\/\\\/garibaldisoloandata.it\\\/\",\"name\":\"Montmartre-Garibaldi solo andata.\",\"description\":\"Premio d&#039;Arte Livorno.\",\"potentialAction\":[{\"@type\":\"SearchAction\",\"target\":{\"@type\":\"EntryPoint\",\"urlTemplate\":\"https:\\\/\\\/garibaldisoloandata.it\\\/?s={search_term_string}\"},\"query-input\":{\"@type\":\"PropertyValueSpecification\",\"valueRequired\":true,\"valueName\":\"search_term_string\"}}],\"inLanguage\":\"it-IT\"}]}<\/script>\n<!-- \/ Yoast SEO plugin. -->","yoast_head_json":{"title":"NEWS - Montmartre-Garibaldi solo andata.","robots":{"index":"index","follow":"follow","max-snippet":"max-snippet:-1","max-image-preview":"max-image-preview:large","max-video-preview":"max-video-preview:-1"},"canonical":"https:\/\/garibaldisoloandata.it\/index.php\/news\/","og_locale":"it_IT","og_type":"article","og_title":"NEWS - Montmartre-Garibaldi solo andata.","og_description":"Su questa pagina ci saranno tutte le informazioni e tutte le novit\u00e0 riguardanti la manifestazione \u00abMontmartre-Garibaldi solo andata.\u00bb nel percorso di avvicinamento a sabato 17 maggio 2026. Come gi\u00e0 accennato il programma definitivo \u00e8 ancora in divenire. Non perdere tutte le novit\u00e0 sull&#8217;arte, iscriviti gratuitamente alla Newsletter! &nbsp; &nbsp; &nbsp; &nbsp; &nbsp;","og_url":"https:\/\/garibaldisoloandata.it\/index.php\/news\/","og_site_name":"Montmartre-Garibaldi solo andata.","article_modified_time":"2026-04-14T14:48:24+00:00","twitter_card":"summary_large_image","twitter_misc":{"Tempo di lettura stimato":"1 minuto"},"schema":{"@context":"https:\/\/schema.org","@graph":[{"@type":"WebPage","@id":"https:\/\/garibaldisoloandata.it\/index.php\/news\/","url":"https:\/\/garibaldisoloandata.it\/index.php\/news\/","name":"NEWS - Montmartre-Garibaldi solo andata.","isPartOf":{"@id":"https:\/\/garibaldisoloandata.it\/#website"},"datePublished":"2023-05-11T13:13:09+00:00","dateModified":"2026-04-14T14:48:24+00:00","breadcrumb":{"@id":"https:\/\/garibaldisoloandata.it\/index.php\/news\/#breadcrumb"},"inLanguage":"it-IT","potentialAction":[{"@type":"ReadAction","target":["https:\/\/garibaldisoloandata.it\/index.php\/news\/"]}]},{"@type":"BreadcrumbList","@id":"https:\/\/garibaldisoloandata.it\/index.php\/news\/#breadcrumb","itemListElement":[{"@type":"ListItem","position":1,"name":"Home","item":"https:\/\/garibaldisoloandata.it\/"},{"@type":"ListItem","position":2,"name":"NEWS"}]},{"@type":"WebSite","@id":"https:\/\/garibaldisoloandata.it\/#website","url":"https:\/\/garibaldisoloandata.it\/","name":"Montmartre-Garibaldi solo andata.","description":"Premio d&#039;Arte Livorno.","potentialAction":[{"@type":"SearchAction","target":{"@type":"EntryPoint","urlTemplate":"https:\/\/garibaldisoloandata.it\/?s={search_term_string}"},"query-input":{"@type":"PropertyValueSpecification","valueRequired":true,"valueName":"search_term_string"}}],"inLanguage":"it-IT"}]}},"_links":{"self":[{"href":"https:\/\/garibaldisoloandata.it\/index.php\/wp-json\/wp\/v2\/pages\/491","targetHints":{"allow":["GET"]}}],"collection":[{"href":"https:\/\/garibaldisoloandata.it\/index.php\/wp-json\/wp\/v2\/pages"}],"about":[{"href":"https:\/\/garibaldisoloandata.it\/index.php\/wp-json\/wp\/v2\/types\/page"}],"author":[{"embeddable":true,"href":"https:\/\/garibaldisoloandata.it\/index.php\/wp-json\/wp\/v2\/users\/1"}],"replies":[{"embeddable":true,"href":"https:\/\/garibaldisoloandata.it\/index.php\/wp-json\/wp\/v2\/comments?post=491"}],"version-history":[{"count":16,"href":"https:\/\/garibaldisoloandata.it\/index.php\/wp-json\/wp\/v2\/pages\/491\/revisions"}],"predecessor-version":[{"id":807,"href":"https:\/\/garibaldisoloandata.it\/index.php\/wp-json\/wp\/v2\/pages\/491\/revisions\/807"}],"wp:attachment":[{"href":"https:\/\/garibaldisoloandata.it\/index.php\/wp-json\/wp\/v2\/media?parent=491"}],"curies":[{"name":"wp","href":"https:\/\/api.w.org\/{rel}","templated":true}]}}