{"id":474,"date":"2023-05-10T17:25:38","date_gmt":"2023-05-10T17:25:38","guid":{"rendered":"https:\/\/garibaldisoloandata.it\/?page_id=474"},"modified":"2023-05-13T07:28:54","modified_gmt":"2023-05-13T07:28:54","slug":"il-quartiere","status":"publish","type":"page","link":"https:\/\/garibaldisoloandata.it\/index.php\/il-quartiere\/","title":{"rendered":"IL QUARTIERE"},"content":{"rendered":"<p style=\"text-align: justify;\">La zona di piazza Garibaldi con l&#8217;omonima via e le strade attorno, oggi conosciuta come quartiere Garibaldi, era una volta chiamata Borgo Reale e rappresentava uno dei luoghi pi\u00f9 vivaci della citt\u00e0 di Livorno, con le botteghe e le attivit\u00e0 degli artigiani, i fondi dei pescatori e dei calafati lungo il fosso Reale, sul bacino d&#8217;acqua antistante la Fortezza Nuova. Piazza Garibaldi, uno dei cuori pulsanti della vecchia Livorno, prima nota come Piazza Rangoni, prese il nome attuale nel 1882. E&#8217; caratterizzata dalla presenza della statua in marmo bianco dell&#8217;eroe dei due mondi che si innalza su di un alto basamento, fu opera di Augusto Rivalta. In origine doveva essere collocata nella zona del cantiere navale, ma su richiesta della popolazione fu posta in questa piazza per la posizione pi\u00f9 centrale.&nbsp;In alcune ore del giorno si possono cogliere le sfumature artistiche della piazza che ne fanno il set perfetto per fotografie con inquadrature particolari, per la vista sulla Fortezza Nuova e sul Pontino.<\/p>\n<p style=\"text-align: justify;\"><span class=\"\">Il quartiere Garibaldi \u00e8 raggiungibile facilmente da ogni direzione di provenienza. In particolare dal <strong>Porto Mediceo<\/strong> (900 metri), dalla <strong>Stazione Ferroviaria<\/strong>(1,8Km), o dall\u2019uscita Livorno Centro della S.S. Variante Aurelia (3 Km).&nbsp;<\/span><span class=\"\">I principali luoghi di interesse della citt\u00e0 sono nelle vicinanze: <strong>Museo della Citt\u00e0<\/strong> (800 metri), il <strong>Mercato Centrale<\/strong> (500metri), la&nbsp;<strong>Fortezza Nuova<\/strong> (200metri), quartieri storici di Livorno come <strong>Pontino San Marco&nbsp;<\/strong>e<strong> La Venezia<\/strong> (200metri), Statua dei<strong> Quattro Mori<\/strong> (800metri), <strong>Fortezza Vecchia<\/strong> (1Km).<\/span><\/p>\n<p>&nbsp;<\/p>\n<p style=\"text-align: center;\"><em>I quartieri Garibaldi e Pontino visti dall&#8217;occhio di Andrea Dani \u00a9 Tutti i diritti riservati.<\/em><\/p>\nngg_shortcode_0_placeholder\n","protected":false},"excerpt":{"rendered":"<p>La zona di piazza Garibaldi con l&#8217;omonima via e le strade attorno, oggi conosciuta come quartiere Garibaldi, era una volta chiamata Borgo Reale e rappresentava uno dei luoghi pi\u00f9 vivaci della citt\u00e0 di Livorno, con le botteghe e le attivit\u00e0 degli artigiani, i fondi dei pescatori e dei calafati lungo il fosso Reale, sul bacino [&hellip;]<\/p>\n","protected":false},"author":1,"featured_media":0,"parent":0,"menu_order":0,"comment_status":"closed","ping_status":"closed","template":"","meta":{"_et_pb_use_builder":"","_et_pb_old_content":"","_et_gb_content_width":"","ngg_post_thumbnail":0,"footnotes":""},"class_list":["post-474","page","type-page","status-publish","hentry"],"yoast_head":"<!-- This site is optimized with the Yoast SEO plugin v27.3 - https:\/\/yoast.com\/product\/yoast-seo-wordpress\/ -->\n<title>IL QUARTIERE - Montmartre-Garibaldi solo andata.<\/title>\n<meta name=\"robots\" content=\"index, follow, max-snippet:-1, max-image-preview:large, max-video-preview:-1\" \/>\n<link rel=\"canonical\" href=\"https:\/\/garibaldisoloandata.it\/index.php\/il-quartiere\/\" \/>\n<meta property=\"og:locale\" content=\"it_IT\" \/>\n<meta property=\"og:type\" content=\"article\" \/>\n<meta property=\"og:title\" content=\"IL QUARTIERE - Montmartre-Garibaldi solo andata.\" \/>\n<meta property=\"og:description\" content=\"La zona di piazza Garibaldi con l&#8217;omonima via e le strade attorno, oggi conosciuta come quartiere Garibaldi, era una volta chiamata Borgo Reale e rappresentava uno dei luoghi pi\u00f9 vivaci della citt\u00e0 di Livorno, con le botteghe e le attivit\u00e0 degli artigiani, i fondi dei pescatori e dei calafati lungo il fosso Reale, sul bacino [&hellip;]\" \/>\n<meta property=\"og:url\" content=\"https:\/\/garibaldisoloandata.it\/index.php\/il-quartiere\/\" \/>\n<meta property=\"og:site_name\" content=\"Montmartre-Garibaldi solo andata.\" \/>\n<meta property=\"article:modified_time\" content=\"2023-05-13T07:28:54+00:00\" \/>\n<meta name=\"twitter:card\" content=\"summary_large_image\" \/>\n<meta name=\"twitter:label1\" content=\"Tempo di lettura stimato\" \/>\n\t<meta name=\"twitter:data1\" content=\"2 minuti\" \/>\n<script type=\"application\/ld+json\" class=\"yoast-schema-graph\">{\"@context\":\"https:\\\/\\\/schema.org\",\"@graph\":[{\"@type\":\"WebPage\",\"@id\":\"https:\\\/\\\/garibaldisoloandata.it\\\/index.php\\\/il-quartiere\\\/\",\"url\":\"https:\\\/\\\/garibaldisoloandata.it\\\/index.php\\\/il-quartiere\\\/\",\"name\":\"IL QUARTIERE - Montmartre-Garibaldi solo andata.\",\"isPartOf\":{\"@id\":\"https:\\\/\\\/garibaldisoloandata.it\\\/#website\"},\"datePublished\":\"2023-05-10T17:25:38+00:00\",\"dateModified\":\"2023-05-13T07:28:54+00:00\",\"breadcrumb\":{\"@id\":\"https:\\\/\\\/garibaldisoloandata.it\\\/index.php\\\/il-quartiere\\\/#breadcrumb\"},\"inLanguage\":\"it-IT\",\"potentialAction\":[{\"@type\":\"ReadAction\",\"target\":[\"https:\\\/\\\/garibaldisoloandata.it\\\/index.php\\\/il-quartiere\\\/\"]}]},{\"@type\":\"BreadcrumbList\",\"@id\":\"https:\\\/\\\/garibaldisoloandata.it\\\/index.php\\\/il-quartiere\\\/#breadcrumb\",\"itemListElement\":[{\"@type\":\"ListItem\",\"position\":1,\"name\":\"Home\",\"item\":\"https:\\\/\\\/garibaldisoloandata.it\\\/\"},{\"@type\":\"ListItem\",\"position\":2,\"name\":\"IL QUARTIERE\"}]},{\"@type\":\"WebSite\",\"@id\":\"https:\\\/\\\/garibaldisoloandata.it\\\/#website\",\"url\":\"https:\\\/\\\/garibaldisoloandata.it\\\/\",\"name\":\"Montmartre-Garibaldi solo andata.\",\"description\":\"Premio d&#039;Arte Livorno.\",\"potentialAction\":[{\"@type\":\"SearchAction\",\"target\":{\"@type\":\"EntryPoint\",\"urlTemplate\":\"https:\\\/\\\/garibaldisoloandata.it\\\/?s={search_term_string}\"},\"query-input\":{\"@type\":\"PropertyValueSpecification\",\"valueRequired\":true,\"valueName\":\"search_term_string\"}}],\"inLanguage\":\"it-IT\"}]}<\/script>\n<!-- \/ Yoast SEO plugin. -->","yoast_head_json":{"title":"IL QUARTIERE - Montmartre-Garibaldi solo andata.","robots":{"index":"index","follow":"follow","max-snippet":"max-snippet:-1","max-image-preview":"max-image-preview:large","max-video-preview":"max-video-preview:-1"},"canonical":"https:\/\/garibaldisoloandata.it\/index.php\/il-quartiere\/","og_locale":"it_IT","og_type":"article","og_title":"IL QUARTIERE - Montmartre-Garibaldi solo andata.","og_description":"La zona di piazza Garibaldi con l&#8217;omonima via e le strade attorno, oggi conosciuta come quartiere Garibaldi, era una volta chiamata Borgo Reale e rappresentava uno dei luoghi pi\u00f9 vivaci della citt\u00e0 di Livorno, con le botteghe e le attivit\u00e0 degli artigiani, i fondi dei pescatori e dei calafati lungo il fosso Reale, sul bacino [&hellip;]","og_url":"https:\/\/garibaldisoloandata.it\/index.php\/il-quartiere\/","og_site_name":"Montmartre-Garibaldi solo andata.","article_modified_time":"2023-05-13T07:28:54+00:00","twitter_card":"summary_large_image","twitter_misc":{"Tempo di lettura stimato":"2 minuti"},"schema":{"@context":"https:\/\/schema.org","@graph":[{"@type":"WebPage","@id":"https:\/\/garibaldisoloandata.it\/index.php\/il-quartiere\/","url":"https:\/\/garibaldisoloandata.it\/index.php\/il-quartiere\/","name":"IL QUARTIERE - Montmartre-Garibaldi solo andata.","isPartOf":{"@id":"https:\/\/garibaldisoloandata.it\/#website"},"datePublished":"2023-05-10T17:25:38+00:00","dateModified":"2023-05-13T07:28:54+00:00","breadcrumb":{"@id":"https:\/\/garibaldisoloandata.it\/index.php\/il-quartiere\/#breadcrumb"},"inLanguage":"it-IT","potentialAction":[{"@type":"ReadAction","target":["https:\/\/garibaldisoloandata.it\/index.php\/il-quartiere\/"]}]},{"@type":"BreadcrumbList","@id":"https:\/\/garibaldisoloandata.it\/index.php\/il-quartiere\/#breadcrumb","itemListElement":[{"@type":"ListItem","position":1,"name":"Home","item":"https:\/\/garibaldisoloandata.it\/"},{"@type":"ListItem","position":2,"name":"IL QUARTIERE"}]},{"@type":"WebSite","@id":"https:\/\/garibaldisoloandata.it\/#website","url":"https:\/\/garibaldisoloandata.it\/","name":"Montmartre-Garibaldi solo andata.","description":"Premio d&#039;Arte Livorno.","potentialAction":[{"@type":"SearchAction","target":{"@type":"EntryPoint","urlTemplate":"https:\/\/garibaldisoloandata.it\/?s={search_term_string}"},"query-input":{"@type":"PropertyValueSpecification","valueRequired":true,"valueName":"search_term_string"}}],"inLanguage":"it-IT"}]}},"_links":{"self":[{"href":"https:\/\/garibaldisoloandata.it\/index.php\/wp-json\/wp\/v2\/pages\/474","targetHints":{"allow":["GET"]}}],"collection":[{"href":"https:\/\/garibaldisoloandata.it\/index.php\/wp-json\/wp\/v2\/pages"}],"about":[{"href":"https:\/\/garibaldisoloandata.it\/index.php\/wp-json\/wp\/v2\/types\/page"}],"author":[{"embeddable":true,"href":"https:\/\/garibaldisoloandata.it\/index.php\/wp-json\/wp\/v2\/users\/1"}],"replies":[{"embeddable":true,"href":"https:\/\/garibaldisoloandata.it\/index.php\/wp-json\/wp\/v2\/comments?post=474"}],"version-history":[{"count":7,"href":"https:\/\/garibaldisoloandata.it\/index.php\/wp-json\/wp\/v2\/pages\/474\/revisions"}],"predecessor-version":[{"id":482,"href":"https:\/\/garibaldisoloandata.it\/index.php\/wp-json\/wp\/v2\/pages\/474\/revisions\/482"}],"wp:attachment":[{"href":"https:\/\/garibaldisoloandata.it\/index.php\/wp-json\/wp\/v2\/media?parent=474"}],"curies":[{"name":"wp","href":"https:\/\/api.w.org\/{rel}","templated":true}]}}